{"id":1792,"date":"2024-03-15T22:07:30","date_gmt":"2024-03-16T01:07:30","guid":{"rendered":"https:\/\/jornadasqm.exactas.unlp.edu.ar\/?page_id=1792"},"modified":"2024-04-04T19:51:04","modified_gmt":"2024-04-04T22:51:04","slug":"posters","status":"publish","type":"page","link":"https:\/\/jornadasqm.exactas.unlp.edu.ar\/index.php\/posters\/","title":{"rendered":"Posters"},"content":{"rendered":"\t\t<div data-elementor-type=\"wp-page\" data-elementor-id=\"1792\" class=\"elementor elementor-1792\">\n\t\t\t\t<div data-wpr-particles=\"{&quot;particles&quot;:{&quot;number&quot;:{&quot;value&quot;:80,&quot;density&quot;:{&quot;enable&quot;:true,&quot;value_area&quot;:800}},&quot;color&quot;:{&quot;value&quot;:&quot;#000000&quot;},&quot;shape&quot;:{&quot;type&quot;:&quot;circle&quot;,&quot;stroke&quot;:{&quot;width&quot;:0,&quot;color&quot;:&quot;#000000&quot;},&quot;polygon&quot;:{&quot;nb_sides&quot;:5},&quot;image&quot;:{&quot;src&quot;:&quot;img\/github.svg&quot;,&quot;width&quot;:100,&quot;height&quot;:100}},&quot;opacity&quot;:{&quot;value&quot;:0.5,&quot;random&quot;:false,&quot;anim&quot;:{&quot;enable&quot;:false,&quot;speed&quot;:1,&quot;opacity_min&quot;:0.1,&quot;sync&quot;:false}},&quot;size&quot;:{&quot;value&quot;:3,&quot;random&quot;:true,&quot;anim&quot;:{&quot;enable&quot;:false,&quot;speed&quot;:40,&quot;size_min&quot;:0.1,&quot;sync&quot;:false}},&quot;line_linked&quot;:{&quot;enable&quot;:true,&quot;distance&quot;:150,&quot;color&quot;:&quot;#000000&quot;,&quot;opacity&quot;:0.4,&quot;width&quot;:1},&quot;move&quot;:{&quot;enable&quot;:true,&quot;speed&quot;:6,&quot;direction&quot;:&quot;none&quot;,&quot;random&quot;:false,&quot;straight&quot;:false,&quot;out_mode&quot;:&quot;out&quot;,&quot;bounce&quot;:false,&quot;attract&quot;:{&quot;enable&quot;:false,&quot;rotateX&quot;:600,&quot;rotateY&quot;:1200}}},&quot;interactivity&quot;:{&quot;detect_on&quot;:&quot;window&quot;,&quot;events&quot;:{&quot;onhover&quot;:{&quot;enable&quot;:true,&quot;mode&quot;:&quot;repulse&quot;},&quot;onclick&quot;:{&quot;enable&quot;:true,&quot;mode&quot;:&quot;push&quot;},&quot;resize&quot;:true},&quot;modes&quot;:{&quot;grab&quot;:{&quot;distance&quot;:400,&quot;line_linked&quot;:{&quot;opacity&quot;:1}},&quot;bubble&quot;:{&quot;distance&quot;:400,&quot;size&quot;:40,&quot;duration&quot;:2,&quot;opacity&quot;:8,&quot;speed&quot;:3},&quot;repulse&quot;:{&quot;distance&quot;:200,&quot;duration&quot;:0.4},&quot;push&quot;:{&quot;particles_nb&quot;:4},&quot;remove&quot;:{&quot;particles_nb&quot;:2}}},&quot;retina_detect&quot;:true}\" particle-source=\"wpr_particle_json_custom\" class=\"elementor-element elementor-element-1c390d2 wpr-particle-yes e-flex e-con-boxed wpr-jarallax-no wpr-parallax-no wpr-sticky-section-no wpr-equal-height-no e-con e-parent\" data-id=\"1c390d2\" data-element_type=\"container\" data-e-type=\"container\" data-settings=\"{&quot;background_background&quot;:&quot;gradient&quot;}\">\n\t\t\t\t\t<div class=\"e-con-inner\">\n\t\t\t\t<div class=\"elementor-element elementor-element-31f4cff elementor-widget elementor-widget-heading\" data-id=\"31f4cff\" data-element_type=\"widget\" data-e-type=\"widget\" data-widget_type=\"heading.default\">\n\t\t\t\t<div class=\"elementor-widget-container\">\n\t\t\t\t\t<h2 class=\"elementor-heading-title elementor-size-default\">P\u00f3sters<\/h2>\t\t\t\t<\/div>\n\t\t\t\t<\/div>\n\t\t\t\t\t<\/div>\n\t\t\t\t<\/div>\n\t\t<div class=\"elementor-element elementor-element-95c57fe e-flex e-con-boxed wpr-particle-no wpr-jarallax-no wpr-parallax-no wpr-sticky-section-no wpr-equal-height-no e-con e-parent\" data-id=\"95c57fe\" data-element_type=\"container\" data-e-type=\"container\">\n\t\t\t\t\t<div class=\"e-con-inner\">\n\t\t\t\t<div class=\"elementor-element elementor-element-1be4e0a elementor-widget elementor-widget-spacer\" data-id=\"1be4e0a\" data-element_type=\"widget\" data-e-type=\"widget\" data-widget_type=\"spacer.default\">\n\t\t\t\t<div class=\"elementor-widget-container\">\n\t\t\t\t\t\t\t<div class=\"elementor-spacer\">\n\t\t\t<div class=\"elementor-spacer-inner\"><\/div>\n\t\t<\/div>\n\t\t\t\t\t\t<\/div>\n\t\t\t\t<\/div>\n\t\t\t\t<div class=\"elementor-element elementor-element-9c479d4 elementor-drop-cap-yes elementor-drop-cap-view-default elementor-widget elementor-widget-text-editor\" data-id=\"9c479d4\" data-element_type=\"widget\" data-e-type=\"widget\" data-settings=\"{&quot;drop_cap&quot;:&quot;yes&quot;}\" data-widget_type=\"text-editor.default\">\n\t\t\t\t<div class=\"elementor-widget-container\">\n\t\t\t\t\t\t\t\t\t<h4><span style=\"font-weight: 400;\">Los posters deber\u00e1n tener las siguientes dimensiones: <\/span><b>90 cm de ancho por 100 cm de alto<\/b><span style=\"font-weight: 400;\">. <\/span><\/h4>\n<h4><span style=\"font-weight: 400;\">El dise\u00f1o y estructura del p\u00f3ster es libre, se sugiere respetar las secciones del resumen..<\/span><\/h4>\n<h4><strong><i>Sugerencia:<\/i><\/strong><span style=\"font-weight: 400;\"> incluir en el p\u00f3ster un <\/span><b>c\u00f3digo QR<\/b><span style=\"font-weight: 400;\"> que permita descargar una copia del p\u00f3ster en formato pdf alojada en el drive personal del autor. Existen numerosos generadores de c\u00f3digo QR gratuitos disponibles en internet. Algunos ejemplos:<\/span><span style=\"font-weight: 400;\">&nbsp;<\/span><\/h4>\n<h4><a href=\"https:\/\/me-qr.com\/es\"><span style=\"font-weight: 400;\">https:\/\/me-qr.com\/es<\/span><\/a><\/h4>\n<h4><a href=\"https:\/\/www.codigos-qr.com\/generador-de-codigos-qr\/\"><span style=\"font-weight: 400;\">https:\/\/www.codigos-qr.com\/generador-de-codigos-qr\/<\/span><\/a><\/h4>\n<h4><a href=\"https:\/\/www.adobe.com\/es\/express\/feature\/image\/qr-code-generator\"><span style=\"font-weight: 400;\">https:\/\/www.adobe.com\/es\/express\/feature\/image\/qr-code-generator<\/span><\/a><\/h4>\n<h4>&nbsp;<\/h4>\t\t\t\t\t\t\t\t<\/div>\n\t\t\t\t<\/div>\n\t\t\t\t\t<\/div>\n\t\t\t\t<\/div>\n\t\t<div class=\"elementor-element elementor-element-74d82ba e-flex e-con-boxed wpr-particle-no wpr-jarallax-no wpr-parallax-no wpr-sticky-section-no wpr-equal-height-no e-con e-parent\" data-id=\"74d82ba\" data-element_type=\"container\" data-e-type=\"container\">\n\t\t\t\t\t<div class=\"e-con-inner\">\n\t\t\t\t<div class=\"elementor-element elementor-element-d344d38 elementor-widget elementor-widget-heading\" data-id=\"d344d38\" data-element_type=\"widget\" data-e-type=\"widget\" data-widget_type=\"heading.default\">\n\t\t\t\t<div class=\"elementor-widget-container\">\n\t\t\t\t\t<h2 class=\"elementor-heading-title elementor-size-default\">D\u00edas y Horarios de exposici\u00f3n de posters<\/h2>\t\t\t\t<\/div>\n\t\t\t\t<\/div>\n\t\t\t\t<div class=\"elementor-element elementor-element-041c91d elementor-drop-cap-yes elementor-drop-cap-view-default elementor-widget elementor-widget-text-editor\" data-id=\"041c91d\" data-element_type=\"widget\" data-e-type=\"widget\" data-settings=\"{&quot;drop_cap&quot;:&quot;yes&quot;}\" data-widget_type=\"text-editor.default\">\n\t\t\t\t<div class=\"elementor-widget-container\">\n\t\t\t\t\t\t\t\t\t<h4><strong>Jueves 11 de abril | 17:30 h a 19:00\u00a0 h<\/strong><\/h4><h5>A. Ense\u00f1anza en Qu\u00edmica Medicinal | <strong>desde p1 a p4<\/strong><\/h5><h5><span style=\"font-size: 20px;\">B. S\u00edntesis Qu\u00edmica | <\/span><span style=\"font-weight: bolder; font-size: 20px;\">desde p9 a p36<\/span><\/h5><h5>C. Cribado Farmacol\u00f3gico | <strong>desde p65 a p73<\/strong><\/h5><h5>D. Quimioinform\u00e1tica y Bioinform\u00e1tica | <strong>desde p82 a p90<\/strong><\/h5><h5>E. Productos naturales | <strong>desde p101 a p112<\/strong><\/h5><h5>F. Farmacolog\u00eda y Farmacocin\u00e9tica | <strong>desde p123 a p130<\/strong><\/h5><h5>G. Qu\u00edmica Bioinorg\u00e1nica | <strong>desde p138 a p143<\/strong><\/h5>\t\t\t\t\t\t\t\t<\/div>\n\t\t\t\t<\/div>\n\t\t\t\t<div class=\"elementor-element elementor-element-b05c803 elementor-drop-cap-yes elementor-drop-cap-view-default elementor-widget elementor-widget-text-editor\" data-id=\"b05c803\" data-element_type=\"widget\" data-e-type=\"widget\" data-settings=\"{&quot;drop_cap&quot;:&quot;yes&quot;}\" data-widget_type=\"text-editor.default\">\n\t\t\t\t<div class=\"elementor-widget-container\">\n\t\t\t\t\t\t\t\t\t<h4><strong>Viernes 12 de abril | 16:00 h a 17:30 h<\/strong><\/h4><h5>A. Ense\u00f1anza en Qu\u00edmica Medicinal | <strong>desde p5 a p8<\/strong><\/h5><h5><span style=\"font-size: 20px;\">B. S\u00edntesis Qu\u00edmica | <\/span><span style=\"font-weight: bolder; font-size: 20px;\">desde p37 a p64<\/span><\/h5><h5>C. Cribado Farmacol\u00f3gico | <strong>desde p74 a p81<\/strong><\/h5><h5>D. Quimioinform\u00e1tica y Bioinform\u00e1tica | <strong>desde p91 a p100<\/strong><\/h5><h5>E. Productos naturales | <strong>desde p113 a p122<\/strong><\/h5><h5>F. Farmacolog\u00eda y Farmacocin\u00e9tica | <strong>desde p131 a p137<\/strong><\/h5><h5>G. Qu\u00edmica Bioinorg\u00e1nica | <strong>desde p144 a p149<\/strong><\/h5>\t\t\t\t\t\t\t\t<\/div>\n\t\t\t\t<\/div>\n\t\t\t\t<div class=\"elementor-element elementor-element-194abce elementor-widget elementor-widget-heading\" data-id=\"194abce\" data-element_type=\"widget\" data-e-type=\"widget\" data-widget_type=\"heading.default\">\n\t\t\t\t<div class=\"elementor-widget-container\">\n\t\t\t\t\t<h3 class=\"elementor-heading-title elementor-size-default\">Si no recuerda el n\u00famero de su p\u00f3ster puede consultarlo en el siguiente link:<\/h3>\t\t\t\t<\/div>\n\t\t\t\t<\/div>\n\t\t\t\t<div class=\"elementor-element elementor-element-203f026 elementor-widget elementor-widget-heading\" data-id=\"203f026\" data-element_type=\"widget\" data-e-type=\"widget\" data-widget_type=\"heading.default\">\n\t\t\t\t<div class=\"elementor-widget-container\">\n\t\t\t\t\t<h3 class=\"elementor-heading-title elementor-size-default\"><a href=\"https:\/\/docs.google.com\/spreadsheets\/d\/1XzDCXtYYsy3TCSzXXI0Gh0V0N4p0Xv7I93rcxb8rFRo\/edit?usp=sharing\">Listado de posters por d\u00eda de exposici\u00f3n<\/a><\/h3>\t\t\t\t<\/div>\n\t\t\t\t<\/div>\n\t\t\t\t\t<\/div>\n\t\t\t\t<\/div>\n\t\t\t\t<\/div>\n\t\t","protected":false},"excerpt":{"rendered":"<p>P\u00f3sters Los posters deber\u00e1n tener las siguientes dimensiones: 90 cm de ancho por 100 cm de alto. El dise\u00f1o y estructura del p\u00f3ster es libre, se sugiere respetar las secciones del resumen.. Sugerencia: incluir en el p\u00f3ster un c\u00f3digo QR que permita descargar una copia del p\u00f3ster en formato pdf alojada en el drive personal del autor. Existen numerosos generadores de c\u00f3digo QR gratuitos disponibles en internet. Algunos ejemplos:&nbsp; https:\/\/me-qr.com\/es https:\/\/www.codigos-qr.com\/generador-de-codigos-qr\/ https:\/\/www.adobe.com\/es\/express\/feature\/image\/qr-code-generator &nbsp; D\u00edas y Horarios de exposici\u00f3n de posters Jueves 11 de abril | 17:30 h a 19:00\u00a0 h A. Ense\u00f1anza en Qu\u00edmica Medicinal | desde p1 a p4 B. S\u00edntesis Qu\u00edmica | desde p9 a p36 C. Cribado Farmacol\u00f3gico | desde p65 a p73 D. Quimioinform\u00e1tica y Bioinform\u00e1tica | desde p82 a p90 E. Productos naturales | desde p101 a p112 F. Farmacolog\u00eda y Farmacocin\u00e9tica | desde p123 a p130 G. Qu\u00edmica Bioinorg\u00e1nica | desde p138 a p143 Viernes 12 de abril | 16:00 h a 17:30 h A. Ense\u00f1anza en Qu\u00edmica Medicinal | desde p5 a p8 B. S\u00edntesis Qu\u00edmica | desde p37 a p64 C. Cribado Farmacol\u00f3gico | desde p74 a p81 D. Quimioinform\u00e1tica y Bioinform\u00e1tica | desde p91 a p100 E. Productos naturales | desde p113 a p122 F. Farmacolog\u00eda y Farmacocin\u00e9tica | desde p131 a p137 G. Qu\u00edmica Bioinorg\u00e1nica | desde p144 a p149 Si no recuerda el n\u00famero de su p\u00f3ster puede consultarlo en el siguiente link: Listado de posters por d\u00eda de exposici\u00f3n<\/p>\n","protected":false},"author":1,"featured_media":0,"parent":0,"menu_order":0,"comment_status":"closed","ping_status":"closed","template":"elementor_canvas","meta":{"footnotes":""},"class_list":["post-1792","page","type-page","status-publish","hentry"],"_links":{"self":[{"href":"https:\/\/jornadasqm.exactas.unlp.edu.ar\/index.php\/wp-json\/wp\/v2\/pages\/1792","targetHints":{"allow":["GET"]}}],"collection":[{"href":"https:\/\/jornadasqm.exactas.unlp.edu.ar\/index.php\/wp-json\/wp\/v2\/pages"}],"about":[{"href":"https:\/\/jornadasqm.exactas.unlp.edu.ar\/index.php\/wp-json\/wp\/v2\/types\/page"}],"author":[{"embeddable":true,"href":"https:\/\/jornadasqm.exactas.unlp.edu.ar\/index.php\/wp-json\/wp\/v2\/users\/1"}],"replies":[{"embeddable":true,"href":"https:\/\/jornadasqm.exactas.unlp.edu.ar\/index.php\/wp-json\/wp\/v2\/comments?post=1792"}],"version-history":[{"count":22,"href":"https:\/\/jornadasqm.exactas.unlp.edu.ar\/index.php\/wp-json\/wp\/v2\/pages\/1792\/revisions"}],"predecessor-version":[{"id":1849,"href":"https:\/\/jornadasqm.exactas.unlp.edu.ar\/index.php\/wp-json\/wp\/v2\/pages\/1792\/revisions\/1849"}],"wp:attachment":[{"href":"https:\/\/jornadasqm.exactas.unlp.edu.ar\/index.php\/wp-json\/wp\/v2\/media?parent=1792"}],"curies":[{"name":"wp","href":"https:\/\/api.w.org\/{rel}","templated":true}]}}