{"id":1376,"date":"2023-12-19T10:43:36","date_gmt":"2023-12-19T13:43:36","guid":{"rendered":"https:\/\/jornadasqm.exactas.unlp.edu.ar\/?page_id=1376"},"modified":"2024-02-23T10:59:17","modified_gmt":"2024-02-23T13:59:17","slug":"resumenes","status":"publish","type":"page","link":"https:\/\/jornadasqm.exactas.unlp.edu.ar\/index.php\/resumenes\/","title":{"rendered":"Res\u00famenes"},"content":{"rendered":"\t\t<div data-elementor-type=\"wp-page\" data-elementor-id=\"1376\" class=\"elementor elementor-1376\">\n\t\t\t\t<div data-wpr-particles=\"{&quot;particles&quot;:{&quot;number&quot;:{&quot;value&quot;:80,&quot;density&quot;:{&quot;enable&quot;:true,&quot;value_area&quot;:800}},&quot;color&quot;:{&quot;value&quot;:&quot;#000000&quot;},&quot;shape&quot;:{&quot;type&quot;:&quot;circle&quot;,&quot;stroke&quot;:{&quot;width&quot;:0,&quot;color&quot;:&quot;#000000&quot;},&quot;polygon&quot;:{&quot;nb_sides&quot;:5},&quot;image&quot;:{&quot;src&quot;:&quot;img\/github.svg&quot;,&quot;width&quot;:100,&quot;height&quot;:100}},&quot;opacity&quot;:{&quot;value&quot;:0.5,&quot;random&quot;:false,&quot;anim&quot;:{&quot;enable&quot;:false,&quot;speed&quot;:1,&quot;opacity_min&quot;:0.1,&quot;sync&quot;:false}},&quot;size&quot;:{&quot;value&quot;:3,&quot;random&quot;:true,&quot;anim&quot;:{&quot;enable&quot;:false,&quot;speed&quot;:40,&quot;size_min&quot;:0.1,&quot;sync&quot;:false}},&quot;line_linked&quot;:{&quot;enable&quot;:true,&quot;distance&quot;:150,&quot;color&quot;:&quot;#000000&quot;,&quot;opacity&quot;:0.4,&quot;width&quot;:1},&quot;move&quot;:{&quot;enable&quot;:true,&quot;speed&quot;:6,&quot;direction&quot;:&quot;none&quot;,&quot;random&quot;:false,&quot;straight&quot;:false,&quot;out_mode&quot;:&quot;out&quot;,&quot;bounce&quot;:false,&quot;attract&quot;:{&quot;enable&quot;:false,&quot;rotateX&quot;:600,&quot;rotateY&quot;:1200}}},&quot;interactivity&quot;:{&quot;detect_on&quot;:&quot;window&quot;,&quot;events&quot;:{&quot;onhover&quot;:{&quot;enable&quot;:true,&quot;mode&quot;:&quot;repulse&quot;},&quot;onclick&quot;:{&quot;enable&quot;:true,&quot;mode&quot;:&quot;push&quot;},&quot;resize&quot;:true},&quot;modes&quot;:{&quot;grab&quot;:{&quot;distance&quot;:400,&quot;line_linked&quot;:{&quot;opacity&quot;:1}},&quot;bubble&quot;:{&quot;distance&quot;:400,&quot;size&quot;:40,&quot;duration&quot;:2,&quot;opacity&quot;:8,&quot;speed&quot;:3},&quot;repulse&quot;:{&quot;distance&quot;:200,&quot;duration&quot;:0.4},&quot;push&quot;:{&quot;particles_nb&quot;:4},&quot;remove&quot;:{&quot;particles_nb&quot;:2}}},&quot;retina_detect&quot;:true}\" particle-source=\"wpr_particle_json_custom\" class=\"elementor-element elementor-element-32e6ac1 wpr-particle-yes e-flex e-con-boxed wpr-sticky-section-no wpr-equal-height-no e-con e-parent\" data-id=\"32e6ac1\" data-element_type=\"container\" data-e-type=\"container\">\n\t\t\t\t\t<div class=\"e-con-inner\">\n\t\t\t\t<div class=\"elementor-element elementor-element-d8954a0 elementor-widget elementor-widget-heading\" data-id=\"d8954a0\" data-element_type=\"widget\" data-e-type=\"widget\" data-widget_type=\"heading.default\">\n\t\t\t\t<div class=\"elementor-widget-container\">\n\t\t\t\t\t<h2 class=\"elementor-heading-title elementor-size-default\">Res\u00famenes<\/h2>\t\t\t\t<\/div>\n\t\t\t\t<\/div>\n\t\t\t\t\t<\/div>\n\t\t\t\t<\/div>\n\t\t<div class=\"elementor-element elementor-element-2add26e e-flex e-con-boxed wpr-particle-no wpr-jarallax-no wpr-parallax-no wpr-sticky-section-no wpr-equal-height-no e-con e-parent\" data-id=\"2add26e\" data-element_type=\"container\" data-e-type=\"container\">\n\t\t\t\t\t<div class=\"e-con-inner\">\n\t\t\t\t\t<\/div>\n\t\t\t\t<\/div>\n\t\t<div class=\"elementor-element elementor-element-57f0c07 e-flex e-con-boxed wpr-particle-no wpr-jarallax-no wpr-parallax-no wpr-sticky-section-no wpr-equal-height-no e-con e-parent\" data-id=\"57f0c07\" data-element_type=\"container\" data-e-type=\"container\">\n\t\t\t\t\t<div class=\"e-con-inner\">\n\t\t\t\t<div class=\"elementor-element elementor-element-a1eaa56 elementor-invisible elementor-widget elementor-widget-heading\" data-id=\"a1eaa56\" data-element_type=\"widget\" data-e-type=\"widget\" data-settings=\"{&quot;_animation&quot;:&quot;fadeInDown&quot;}\" data-widget_type=\"heading.default\">\n\t\t\t\t<div class=\"elementor-widget-container\">\n\t\t\t\t\t<h2 class=\"elementor-heading-title elementor-size-xl\">Pr\u00f3rroga para el env\u00edo de RES\u00daMENES<br><br>Fecha L\u00edmite: Lunes 4 de marzo 13 h<\/h2>\t\t\t\t<\/div>\n\t\t\t\t<\/div>\n\t\t\t\t\t<\/div>\n\t\t\t\t<\/div>\n\t\t<div class=\"elementor-element elementor-element-39321fa e-flex e-con-boxed wpr-particle-no wpr-jarallax-no wpr-parallax-no wpr-sticky-section-no wpr-equal-height-no e-con e-parent\" data-id=\"39321fa\" data-element_type=\"container\" data-e-type=\"container\">\n\t\t\t\t\t<div class=\"e-con-inner\">\n\t\t\t\t<div class=\"elementor-element elementor-element-3292882 elementor-widget elementor-widget-heading\" data-id=\"3292882\" data-element_type=\"widget\" data-e-type=\"widget\" data-widget_type=\"heading.default\">\n\t\t\t\t<div class=\"elementor-widget-container\">\n\t\t\t\t\t<h2 class=\"elementor-heading-title elementor-size-default\">Formato de Resumen<\/h2>\t\t\t\t<\/div>\n\t\t\t\t<\/div>\n\t\t\t\t<div class=\"elementor-element elementor-element-6bbf363 elementor-widget elementor-widget-text-editor\" data-id=\"6bbf363\" data-element_type=\"widget\" data-e-type=\"widget\" data-widget_type=\"text-editor.default\">\n\t\t\t\t<div class=\"elementor-widget-container\">\n\t\t\t\t\t\t\t\t\t<p class=\"entry-header\"><span style=\"font-size: 16px;\">Los trabajos enviados para su consideraci\u00f3n en las I Jornadas Rioplatenses de Qu\u00edmica Medicinal&nbsp; deber\u00e1n seguir el <\/span><a style=\"font-size: 16px;\" href=\"https:\/\/docs.google.com\/document\/d\/11G37rthKdiViDUXAHjt-ODccBz-Ug0yZU4_y4Ud99mY\/edit?usp=sharing\">modelo adjunto<\/a><span style=\"font-size: 16px;\">* y al menos uno de los autores deber\u00e1 pagar la inscripci\u00f3n.<\/span><\/p>\n<p class=\"entry-content\">*Si utiliza Chrome, copie la direcci\u00f3n de enlace y \u00e1brala en una pesta\u00f1a nueva o abra el enlace y realice una copia del template.<\/p>\n<p class=\"entry-content\">La extensi\u00f3n de los trabajos ser\u00e1 de 1 p\u00e1gina, tama\u00f1o A4, y deber\u00e1 ser escrito en espa\u00f1ol. NO SE ACEPTAR\u00c1N TRABAJOS ESCRITOS EN OTRO IDIOMA.<\/p>\n<p class=\"entry-content\">El archivo del resumen deber\u00e1 ser enviado en formato .docx, .doc, .otf&nbsp; y nombrado de la siguiente manera:<\/p>\n<p class=\"entry-content\">Apellido y nombre del autor principal y el c\u00f3digo del&nbsp;<a title=\"\u00c1reas tem\u00e1ticas\" href=\"https:\/\/jornadasqm.exactas.unlp.edu.ar\/index.php\/areas-tematicas\/\" target=\"_blank\" rel=\"noopener\">\u00e1rea tem\u00e1tica<\/a> en la cual presenta el resumen seg\u00fan la nomenclatura de los ejes tem\u00e1ticos presentados (1, 2, 3 \u2026 en caso de presentarse m\u00e1s de un trabajo con todo lo anterior coincidente).<\/p>\n<p class=\"entry-content\">Ejemplos: GonzalezPedro_A;&nbsp; GonzalezPedro_A1; GonzalezPedro_A2<\/p>\n<p class=\"entry-content\">Acceda al Googleform para el env\u00edo de resumenes haciendo clic en el siguiente link:<\/p>\n<p><strong><a href=\"https:\/\/docs.google.com\/forms\/d\/e\/1FAIpQLSdSHOT7XCEqL3vqpelwMdekmlmQ0kRbWGIQZpwRV0xzoWpx7g\/viewform\">GoogleForm-IJRQM<\/a><\/strong><\/p>\t\t\t\t\t\t\t\t<\/div>\n\t\t\t\t<\/div>\n\t\t\t\t\t<\/div>\n\t\t\t\t<\/div>\n\t\t\t\t<\/div>\n\t\t","protected":false},"excerpt":{"rendered":"<p>Res\u00famenes Pr\u00f3rroga para el env\u00edo de RES\u00daMENES Fecha L\u00edmite: Lunes 4 de marzo 13 h Formato de Resumen Los trabajos enviados para su consideraci\u00f3n en las I Jornadas Rioplatenses de Qu\u00edmica Medicinal&nbsp; deber\u00e1n seguir el modelo adjunto* y al menos uno de los autores deber\u00e1 pagar la inscripci\u00f3n. *Si utiliza Chrome, copie la direcci\u00f3n de enlace y \u00e1brala en una pesta\u00f1a nueva o abra el enlace y realice una copia del template. La extensi\u00f3n de los trabajos ser\u00e1 de 1 p\u00e1gina, tama\u00f1o A4, y deber\u00e1 ser escrito en espa\u00f1ol. NO SE ACEPTAR\u00c1N TRABAJOS ESCRITOS EN OTRO IDIOMA. El archivo del resumen deber\u00e1 ser enviado en formato .docx, .doc, .otf&nbsp; y nombrado de la siguiente manera: Apellido y nombre del autor principal y el c\u00f3digo del&nbsp;\u00e1rea tem\u00e1tica en la cual presenta el resumen seg\u00fan la nomenclatura de los ejes tem\u00e1ticos presentados (1, 2, 3 \u2026 en caso de presentarse m\u00e1s de un trabajo con todo lo anterior coincidente). Ejemplos: GonzalezPedro_A;&nbsp; GonzalezPedro_A1; GonzalezPedro_A2 Acceda al Googleform para el env\u00edo de resumenes haciendo clic en el siguiente link: GoogleForm-IJRQM<\/p>\n","protected":false},"author":1,"featured_media":0,"parent":0,"menu_order":0,"comment_status":"closed","ping_status":"closed","template":"elementor_canvas","meta":{"footnotes":""},"class_list":["post-1376","page","type-page","status-publish","hentry"],"_links":{"self":[{"href":"https:\/\/jornadasqm.exactas.unlp.edu.ar\/index.php\/wp-json\/wp\/v2\/pages\/1376","targetHints":{"allow":["GET"]}}],"collection":[{"href":"https:\/\/jornadasqm.exactas.unlp.edu.ar\/index.php\/wp-json\/wp\/v2\/pages"}],"about":[{"href":"https:\/\/jornadasqm.exactas.unlp.edu.ar\/index.php\/wp-json\/wp\/v2\/types\/page"}],"author":[{"embeddable":true,"href":"https:\/\/jornadasqm.exactas.unlp.edu.ar\/index.php\/wp-json\/wp\/v2\/users\/1"}],"replies":[{"embeddable":true,"href":"https:\/\/jornadasqm.exactas.unlp.edu.ar\/index.php\/wp-json\/wp\/v2\/comments?post=1376"}],"version-history":[{"count":31,"href":"https:\/\/jornadasqm.exactas.unlp.edu.ar\/index.php\/wp-json\/wp\/v2\/pages\/1376\/revisions"}],"predecessor-version":[{"id":1645,"href":"https:\/\/jornadasqm.exactas.unlp.edu.ar\/index.php\/wp-json\/wp\/v2\/pages\/1376\/revisions\/1645"}],"wp:attachment":[{"href":"https:\/\/jornadasqm.exactas.unlp.edu.ar\/index.php\/wp-json\/wp\/v2\/media?parent=1376"}],"curies":[{"name":"wp","href":"https:\/\/api.w.org\/{rel}","templated":true}]}}